{"id":541,"date":"2015-07-17T13:10:33","date_gmt":"2015-07-17T13:10:33","guid":{"rendered":"http:\/\/capethemes.com\/demo\/industry\/?page_id=541"},"modified":"2025-05-16T08:42:35","modified_gmt":"2025-05-16T08:42:35","slug":"maanrakennuspalvelut","status":"publish","type":"page","link":"https:\/\/www.pekkatolvanen.fi\/sv\/palvelut\/maanrakennuspalvelut\/","title":{"rendered":"Tj\u00e4nster f\u00f6r jordf\u00f6rflyttning"},"content":{"rendered":"<figure id=\"attachment_1265\" aria-describedby=\"caption-attachment-1265\" style=\"width: 311px\" class=\"wp-caption alignright\"><img fetchpriority=\"high\" decoding=\"async\" class=\"wp-image-1265\" src=\"https:\/\/www.pekkatolvanen.fi\/wp-content\/uploads\/2020\/10\/Scania-2020-2-e1603712262595.jpg\" alt=\"\" width=\"311\" height=\"233\"><figcaption id=\"caption-attachment-1265\" class=\"wp-caption-text\">Scania R520<\/figcaption><\/figure>\n<p><b>V\u00e5ra tj\u00e4nster inom samh\u00e4llsbyggnad omfattar transporter, specialtransporter, underh\u00e5ll och renh\u00e5llning samt anl\u00e4ggningsarbeten. Vi \u00e4r s\u00e4rskilt aktiva i regionen Maritime Lapland.&nbsp;<\/b><\/p>\n<p>P\u00e5 gr\u00e4vningssidan utf\u00f6r vi grundl\u00e4ggande gr\u00e4vning, grundl\u00e4ggning, dr\u00e4nering och kommunala vattenf\u00f6rs\u00f6rjnings- och avloppsarbeten. V\u00e5r m\u00e5ngsidiga maskinpark och utrustning g\u00f6r att vi kan hantera \u00e4ven de mest kr\u00e4vande jobben.<\/p>\n<p><strong>V\u00e5ra tj\u00e4nster inom civilingenj\u00f6rsverksamhet omfattar:<\/strong><\/p>\n<ul>\n<li>utgr\u00e4vning av husgrunder<\/li>\n<li>civilingenj\u00f6rsvetenskap<\/li>\n<li>grundl\u00e4ggande utgr\u00e4vningar<\/li>\n<li>dr\u00e4nerings- och vattenf\u00f6rs\u00f6rjningsarbeten<\/li>\n<li>dr\u00e4nering<\/li>\n<\/ul>\n<a href=\"https:\/\/www.pekkatolvanen.fi\/fi\/yhteystiedot\/\" class=\"su-button su-button-style-default\" style=\"color:#FFFFFF;background-color:#8dd8f8;border-color:#71adc7;border-radius:5px\" target=\"_self\"><span style=\"color:#FFFFFF;padding:0px 16px;font-size:13px;line-height:26px;border-color:#b0e4fb;border-radius:5px;text-shadow:none\"> Kontakta oss<\/span><\/a>","protected":false},"excerpt":{"rendered":"<p>Maanrakennuspalveluihimme kuuluvat kuljetustoiminta, erikoiskuljetukset, kunnossapito- ja puhtaanapito sek\u00e4 maa- ja pohjarakentaminen. Toimimme erityisesti Meri-Lapin alueella.&nbsp; Kaivuupuolella suoritamme peruskaivannot, pohjarakentamisen, salaojitukset sek\u00e4 kunnalliset vesijohto- ja viem\u00e4r\u00f6intity\u00f6t.&nbsp;Monipuolinen kone- ja laitekantamme mahdollistaa vaativammatkin ty\u00f6t. Maanrakennuspalveluihimme kuuluvat mm: talojen pohjien kaivuut pohjarakentaminen peruskaivannot viem\u00e4r\u00f6inti- ja vesijohtoty\u00f6t salaojitukset<\/p>","protected":false},"author":1,"featured_media":0,"parent":914,"menu_order":0,"comment_status":"closed","ping_status":"closed","template":"","meta":{"_exactmetrics_skip_tracking":false,"_exactmetrics_sitenote_active":false,"_exactmetrics_sitenote_note":"","_exactmetrics_sitenote_category":0,"ngg_post_thumbnail":0,"footnotes":""},"class_list":["post-541","page","type-page","status-publish","hentry"],"yoast_head":"<!-- This site is optimized with the Yoast SEO plugin v27.4 - https:\/\/yoast.com\/product\/yoast-seo-wordpress\/ -->\n<title>Maanrakennuspalvelut - Pekka Tolvanen Oy<\/title>\n<meta name=\"robots\" content=\"index, follow, max-snippet:-1, max-image-preview:large, max-video-preview:-1\" \/>\n<link rel=\"canonical\" href=\"https:\/\/www.pekkatolvanen.fi\/sv\/palvelut\/maanrakennuspalvelut\/\" \/>\n<meta property=\"og:locale\" content=\"sv_SE\" \/>\n<meta property=\"og:type\" content=\"article\" \/>\n<meta property=\"og:title\" content=\"Maanrakennuspalvelut - Pekka Tolvanen Oy\" \/>\n<meta property=\"og:description\" content=\"Maanrakennuspalveluihimme kuuluvat kuljetustoiminta, erikoiskuljetukset, kunnossapito- ja puhtaanapito sek\u00e4 maa- ja pohjarakentaminen. Toimimme erityisesti Meri-Lapin alueella.&nbsp; Kaivuupuolella suoritamme peruskaivannot, pohjarakentamisen, salaojitukset sek\u00e4 kunnalliset vesijohto- ja viem\u00e4r\u00f6intity\u00f6t.&nbsp;Monipuolinen kone- ja laitekantamme mahdollistaa vaativammatkin ty\u00f6t. Maanrakennuspalveluihimme kuuluvat mm: talojen pohjien kaivuut pohjarakentaminen peruskaivannot viem\u00e4r\u00f6inti- ja vesijohtoty\u00f6t salaojitukset\" \/>\n<meta property=\"og:url\" content=\"https:\/\/www.pekkatolvanen.fi\/sv\/palvelut\/maanrakennuspalvelut\/\" \/>\n<meta property=\"og:site_name\" content=\"Pekka Tolvanen Oy\" \/>\n<meta property=\"article:modified_time\" content=\"2025-05-16T08:42:35+00:00\" \/>\n<meta property=\"og:image\" content=\"https:\/\/www.pekkatolvanen.fi\/wp-content\/uploads\/2020\/10\/Scania-2020-2-e1603712262595.jpg\" \/>\n\t<meta property=\"og:image:width\" content=\"968\" \/>\n\t<meta property=\"og:image:height\" content=\"726\" \/>\n\t<meta property=\"og:image:type\" content=\"image\/jpeg\" \/>\n<meta name=\"twitter:card\" content=\"summary_large_image\" \/>\n<meta name=\"twitter:label1\" content=\"Ber\u00e4knad l\u00e4stid\" \/>\n\t<meta name=\"twitter:data1\" content=\"1 minut\" \/>\n<script type=\"application\/ld+json\" class=\"yoast-schema-graph\">{\"@context\":\"https:\\\/\\\/schema.org\",\"@graph\":[{\"@type\":\"WebPage\",\"@id\":\"https:\\\/\\\/www.pekkatolvanen.fi\\\/palvelut\\\/maanrakennuspalvelut\\\/\",\"url\":\"https:\\\/\\\/www.pekkatolvanen.fi\\\/palvelut\\\/maanrakennuspalvelut\\\/\",\"name\":\"Maanrakennuspalvelut - Pekka Tolvanen Oy\",\"isPartOf\":{\"@id\":\"https:\\\/\\\/www.pekkatolvanen.fi\\\/#website\"},\"primaryImageOfPage\":{\"@id\":\"https:\\\/\\\/www.pekkatolvanen.fi\\\/palvelut\\\/maanrakennuspalvelut\\\/#primaryimage\"},\"image\":{\"@id\":\"https:\\\/\\\/www.pekkatolvanen.fi\\\/palvelut\\\/maanrakennuspalvelut\\\/#primaryimage\"},\"thumbnailUrl\":\"https:\\\/\\\/www.pekkatolvanen.fi\\\/wp-content\\\/uploads\\\/2020\\\/10\\\/Scania-2020-2-e1603712262595.jpg\",\"datePublished\":\"2015-07-17T13:10:33+00:00\",\"dateModified\":\"2025-05-16T08:42:35+00:00\",\"breadcrumb\":{\"@id\":\"https:\\\/\\\/www.pekkatolvanen.fi\\\/palvelut\\\/maanrakennuspalvelut\\\/#breadcrumb\"},\"inLanguage\":\"sv-SE\",\"potentialAction\":[{\"@type\":\"ReadAction\",\"target\":[\"https:\\\/\\\/www.pekkatolvanen.fi\\\/palvelut\\\/maanrakennuspalvelut\\\/\"]}]},{\"@type\":\"ImageObject\",\"inLanguage\":\"sv-SE\",\"@id\":\"https:\\\/\\\/www.pekkatolvanen.fi\\\/palvelut\\\/maanrakennuspalvelut\\\/#primaryimage\",\"url\":\"https:\\\/\\\/www.pekkatolvanen.fi\\\/wp-content\\\/uploads\\\/2020\\\/10\\\/Scania-2020-2-e1603712262595.jpg\",\"contentUrl\":\"https:\\\/\\\/www.pekkatolvanen.fi\\\/wp-content\\\/uploads\\\/2020\\\/10\\\/Scania-2020-2-e1603712262595.jpg\"},{\"@type\":\"BreadcrumbList\",\"@id\":\"https:\\\/\\\/www.pekkatolvanen.fi\\\/palvelut\\\/maanrakennuspalvelut\\\/#breadcrumb\",\"itemListElement\":[{\"@type\":\"ListItem\",\"position\":1,\"name\":\"Home\",\"item\":\"https:\\\/\\\/www.pekkatolvanen.fi\\\/\"},{\"@type\":\"ListItem\",\"position\":2,\"name\":\"Palvelut\",\"item\":\"https:\\\/\\\/www.pekkatolvanen.fi\\\/palvelut\\\/\"},{\"@type\":\"ListItem\",\"position\":3,\"name\":\"Maanrakennuspalvelut\"}]},{\"@type\":\"WebSite\",\"@id\":\"https:\\\/\\\/www.pekkatolvanen.fi\\\/#website\",\"url\":\"https:\\\/\\\/www.pekkatolvanen.fi\\\/\",\"name\":\"Pekka Tolvanen Oy\",\"description\":\"Maansiirto- ja ratakunnossapitoty&ouml;t\",\"potentialAction\":[{\"@type\":\"SearchAction\",\"target\":{\"@type\":\"EntryPoint\",\"urlTemplate\":\"https:\\\/\\\/www.pekkatolvanen.fi\\\/?s={search_term_string}\"},\"query-input\":{\"@type\":\"PropertyValueSpecification\",\"valueRequired\":true,\"valueName\":\"search_term_string\"}}],\"inLanguage\":\"sv-SE\"}]}<\/script>\n<!-- \/ Yoast SEO plugin. -->","yoast_head_json":{"title":"Maanrakennuspalvelut - Pekka Tolvanen Oy","robots":{"index":"index","follow":"follow","max-snippet":"max-snippet:-1","max-image-preview":"max-image-preview:large","max-video-preview":"max-video-preview:-1"},"canonical":"https:\/\/www.pekkatolvanen.fi\/sv\/palvelut\/maanrakennuspalvelut\/","og_locale":"sv_SE","og_type":"article","og_title":"Maanrakennuspalvelut - Pekka Tolvanen Oy","og_description":"Maanrakennuspalveluihimme kuuluvat kuljetustoiminta, erikoiskuljetukset, kunnossapito- ja puhtaanapito sek\u00e4 maa- ja pohjarakentaminen. Toimimme erityisesti Meri-Lapin alueella.&nbsp; Kaivuupuolella suoritamme peruskaivannot, pohjarakentamisen, salaojitukset sek\u00e4 kunnalliset vesijohto- ja viem\u00e4r\u00f6intity\u00f6t.&nbsp;Monipuolinen kone- ja laitekantamme mahdollistaa vaativammatkin ty\u00f6t. Maanrakennuspalveluihimme kuuluvat mm: talojen pohjien kaivuut pohjarakentaminen peruskaivannot viem\u00e4r\u00f6inti- ja vesijohtoty\u00f6t salaojitukset","og_url":"https:\/\/www.pekkatolvanen.fi\/sv\/palvelut\/maanrakennuspalvelut\/","og_site_name":"Pekka Tolvanen Oy","article_modified_time":"2025-05-16T08:42:35+00:00","og_image":[{"width":968,"height":726,"url":"https:\/\/www.pekkatolvanen.fi\/wp-content\/uploads\/2020\/10\/Scania-2020-2-e1603712262595.jpg","type":"image\/jpeg"}],"twitter_card":"summary_large_image","twitter_misc":{"Ber\u00e4knad l\u00e4stid":"1 minut"},"schema":{"@context":"https:\/\/schema.org","@graph":[{"@type":"WebPage","@id":"https:\/\/www.pekkatolvanen.fi\/palvelut\/maanrakennuspalvelut\/","url":"https:\/\/www.pekkatolvanen.fi\/palvelut\/maanrakennuspalvelut\/","name":"Maanrakennuspalvelut - Pekka Tolvanen Oy","isPartOf":{"@id":"https:\/\/www.pekkatolvanen.fi\/#website"},"primaryImageOfPage":{"@id":"https:\/\/www.pekkatolvanen.fi\/palvelut\/maanrakennuspalvelut\/#primaryimage"},"image":{"@id":"https:\/\/www.pekkatolvanen.fi\/palvelut\/maanrakennuspalvelut\/#primaryimage"},"thumbnailUrl":"https:\/\/www.pekkatolvanen.fi\/wp-content\/uploads\/2020\/10\/Scania-2020-2-e1603712262595.jpg","datePublished":"2015-07-17T13:10:33+00:00","dateModified":"2025-05-16T08:42:35+00:00","breadcrumb":{"@id":"https:\/\/www.pekkatolvanen.fi\/palvelut\/maanrakennuspalvelut\/#breadcrumb"},"inLanguage":"sv-SE","potentialAction":[{"@type":"ReadAction","target":["https:\/\/www.pekkatolvanen.fi\/palvelut\/maanrakennuspalvelut\/"]}]},{"@type":"ImageObject","inLanguage":"sv-SE","@id":"https:\/\/www.pekkatolvanen.fi\/palvelut\/maanrakennuspalvelut\/#primaryimage","url":"https:\/\/www.pekkatolvanen.fi\/wp-content\/uploads\/2020\/10\/Scania-2020-2-e1603712262595.jpg","contentUrl":"https:\/\/www.pekkatolvanen.fi\/wp-content\/uploads\/2020\/10\/Scania-2020-2-e1603712262595.jpg"},{"@type":"BreadcrumbList","@id":"https:\/\/www.pekkatolvanen.fi\/palvelut\/maanrakennuspalvelut\/#breadcrumb","itemListElement":[{"@type":"ListItem","position":1,"name":"Home","item":"https:\/\/www.pekkatolvanen.fi\/"},{"@type":"ListItem","position":2,"name":"Palvelut","item":"https:\/\/www.pekkatolvanen.fi\/palvelut\/"},{"@type":"ListItem","position":3,"name":"Maanrakennuspalvelut"}]},{"@type":"WebSite","@id":"https:\/\/www.pekkatolvanen.fi\/#website","url":"https:\/\/www.pekkatolvanen.fi\/","name":"Pekka Tolvanen Oy","description":"Schaktning och underh\u00e5ll av sp\u00e5r","potentialAction":[{"@type":"SearchAction","target":{"@type":"EntryPoint","urlTemplate":"https:\/\/www.pekkatolvanen.fi\/?s={search_term_string}"},"query-input":{"@type":"PropertyValueSpecification","valueRequired":true,"valueName":"search_term_string"}}],"inLanguage":"sv-SE"}]}},"_links":{"self":[{"href":"https:\/\/www.pekkatolvanen.fi\/sv\/wp-json\/wp\/v2\/pages\/541","targetHints":{"allow":["GET"]}}],"collection":[{"href":"https:\/\/www.pekkatolvanen.fi\/sv\/wp-json\/wp\/v2\/pages"}],"about":[{"href":"https:\/\/www.pekkatolvanen.fi\/sv\/wp-json\/wp\/v2\/types\/page"}],"author":[{"embeddable":true,"href":"https:\/\/www.pekkatolvanen.fi\/sv\/wp-json\/wp\/v2\/users\/1"}],"replies":[{"embeddable":true,"href":"https:\/\/www.pekkatolvanen.fi\/sv\/wp-json\/wp\/v2\/comments?post=541"}],"version-history":[{"count":9,"href":"https:\/\/www.pekkatolvanen.fi\/sv\/wp-json\/wp\/v2\/pages\/541\/revisions"}],"predecessor-version":[{"id":1367,"href":"https:\/\/www.pekkatolvanen.fi\/sv\/wp-json\/wp\/v2\/pages\/541\/revisions\/1367"}],"up":[{"embeddable":true,"href":"https:\/\/www.pekkatolvanen.fi\/sv\/wp-json\/wp\/v2\/pages\/914"}],"wp:attachment":[{"href":"https:\/\/www.pekkatolvanen.fi\/sv\/wp-json\/wp\/v2\/media?parent=541"}],"curies":[{"name":"wp","href":"https:\/\/api.w.org\/{rel}","templated":true}]}}