{"id":537,"date":"2015-07-17T13:01:38","date_gmt":"2015-07-17T13:01:38","guid":{"rendered":"http:\/\/capethemes.com\/demo\/industry\/?page_id=537"},"modified":"2025-05-16T08:43:31","modified_gmt":"2025-05-16T08:43:31","slug":"ratakunnossapito","status":"publish","type":"page","link":"https:\/\/www.pekkatolvanen.fi\/en\/palvelut\/ratakunnossapito\/","title":{"rendered":"Track maintenance"},"content":{"rendered":"<p><a href=\"https:\/\/www.pekkatolvanen.fi\/wp-content\/uploads\/2017\/06\/16.3.16-rautatiesilta-radalta.jpg\" rel='prettyPhoto'><img fetchpriority=\"high\" decoding=\"async\" class=\"wp-image-1023 size-medium alignright\" src=\"https:\/\/www.pekkatolvanen.fi\/wp-content\/uploads\/2017\/06\/16.3.16-rautatiesilta-radalta-225x300.jpg\" alt=\"\" width=\"225\" height=\"300\" srcset=\"https:\/\/www.pekkatolvanen.fi\/wp-content\/uploads\/2017\/06\/16.3.16-rautatiesilta-radalta-225x300.jpg 225w, https:\/\/www.pekkatolvanen.fi\/wp-content\/uploads\/2017\/06\/16.3.16-rautatiesilta-radalta-768x1024.jpg 768w, https:\/\/www.pekkatolvanen.fi\/wp-content\/uploads\/2017\/06\/16.3.16-rautatiesilta-radalta.jpg 1200w\" sizes=\"(max-width: 225px) 100vw, 225px\" \/><\/a><\/p>\n<p>We carry out construction and maintenance work on the railway network. Our tasks include winter maintenance, repairs to various parts of the track, both pavement and substructures.<\/p>\n<p><strong>Our track maintenance services include:<\/strong><\/p>\n<ul>\n<li>building the support layer, scarifying, brushing and shaping<\/li>\n<li>the replacement of sleeper rails and related maintenance<\/li>\n<li>removal of problem trees with our special equipment<\/li>\n<li>track maintenance for superstructures, substructures, level crossings, bridges and land areas<\/li>\n<\/ul>\n<a href=\"https:\/\/www.pekkatolvanen.fi\/fi\/yhteystiedot\/\" class=\"su-button su-button-style-default\" style=\"color:#FFFFFF;background-color:#8dd8f8;border-color:#71adc7;border-radius:5px\" target=\"_self\"><span style=\"color:#FFFFFF;padding:0px 16px;font-size:13px;line-height:26px;border-color:#b0e4fb;border-radius:5px;text-shadow:none\"> contact us<\/span><\/a>","protected":false},"excerpt":{"rendered":"<p>Toteutamme rataverkon rakennus- ja kunnossapitot\u00f6it\u00e4. Teht\u00e4viimme kuuluvat talvikunnossapitoa, radan eri osien korjaustoimenpiteit\u00e4 p\u00e4\u00e4llys- ja alusrakenteille. Ratakunnossapidon palveluihimme kuuluvat muun muassa: tukikerroksen rakentaminen, sepel\u00f6inti, harjaukset ja muotoilu ratap\u00f6lkkyjen kiskojen vaihtoa ja niihin liittyv\u00e4\u00e4 kunnossapitoa ongelmapuiden poistoa erikoiskalustollamme ratakunnossapitoa p\u00e4\u00e4llysrakenteille, alusrakenteille, tasoristeyksille, silloille ja maa-alueille<\/p>","protected":false},"author":1,"featured_media":0,"parent":914,"menu_order":0,"comment_status":"closed","ping_status":"closed","template":"","meta":{"_exactmetrics_skip_tracking":false,"_exactmetrics_sitenote_active":false,"_exactmetrics_sitenote_note":"","_exactmetrics_sitenote_category":0,"ngg_post_thumbnail":0,"footnotes":""},"class_list":["post-537","page","type-page","status-publish","hentry"],"yoast_head":"<!-- This site is optimized with the Yoast SEO plugin v27.5 - https:\/\/yoast.com\/product\/yoast-seo-wordpress\/ -->\n<title>Ratakunnossapito - Pekka Tolvanen Oy<\/title>\n<meta name=\"robots\" content=\"index, follow, max-snippet:-1, max-image-preview:large, max-video-preview:-1\" \/>\n<link rel=\"canonical\" href=\"https:\/\/www.pekkatolvanen.fi\/en\/palvelut\/ratakunnossapito\/\" \/>\n<meta property=\"og:locale\" content=\"en_GB\" \/>\n<meta property=\"og:type\" content=\"article\" \/>\n<meta property=\"og:title\" content=\"Ratakunnossapito - Pekka Tolvanen Oy\" \/>\n<meta property=\"og:description\" content=\"Toteutamme rataverkon rakennus- ja kunnossapitot\u00f6it\u00e4. Teht\u00e4viimme kuuluvat talvikunnossapitoa, radan eri osien korjaustoimenpiteit\u00e4 p\u00e4\u00e4llys- ja alusrakenteille. Ratakunnossapidon palveluihimme kuuluvat muun muassa: tukikerroksen rakentaminen, sepel\u00f6inti, harjaukset ja muotoilu ratap\u00f6lkkyjen kiskojen vaihtoa ja niihin liittyv\u00e4\u00e4 kunnossapitoa ongelmapuiden poistoa erikoiskalustollamme ratakunnossapitoa p\u00e4\u00e4llysrakenteille, alusrakenteille, tasoristeyksille, silloille ja maa-alueille\" \/>\n<meta property=\"og:url\" content=\"https:\/\/www.pekkatolvanen.fi\/en\/palvelut\/ratakunnossapito\/\" \/>\n<meta property=\"og:site_name\" content=\"Pekka Tolvanen Oy\" \/>\n<meta property=\"article:modified_time\" content=\"2025-05-16T08:43:31+00:00\" \/>\n<meta property=\"og:image\" content=\"https:\/\/www.pekkatolvanen.fi\/wp-content\/uploads\/2017\/06\/16.3.16-rautatiesilta-radalta.jpg\" \/>\n\t<meta property=\"og:image:width\" content=\"1200\" \/>\n\t<meta property=\"og:image:height\" content=\"1600\" \/>\n\t<meta property=\"og:image:type\" content=\"image\/jpeg\" \/>\n<meta name=\"twitter:card\" content=\"summary_large_image\" \/>\n<meta name=\"twitter:label1\" content=\"Estimated reading time\" \/>\n\t<meta name=\"twitter:data1\" content=\"1 minute\" \/>\n<script type=\"application\/ld+json\" class=\"yoast-schema-graph\">{\"@context\":\"https:\\\/\\\/schema.org\",\"@graph\":[{\"@type\":\"WebPage\",\"@id\":\"https:\\\/\\\/www.pekkatolvanen.fi\\\/palvelut\\\/ratakunnossapito\\\/\",\"url\":\"https:\\\/\\\/www.pekkatolvanen.fi\\\/palvelut\\\/ratakunnossapito\\\/\",\"name\":\"Ratakunnossapito - Pekka Tolvanen Oy\",\"isPartOf\":{\"@id\":\"https:\\\/\\\/www.pekkatolvanen.fi\\\/#website\"},\"primaryImageOfPage\":{\"@id\":\"https:\\\/\\\/www.pekkatolvanen.fi\\\/palvelut\\\/ratakunnossapito\\\/#primaryimage\"},\"image\":{\"@id\":\"https:\\\/\\\/www.pekkatolvanen.fi\\\/palvelut\\\/ratakunnossapito\\\/#primaryimage\"},\"thumbnailUrl\":\"https:\\\/\\\/www.pekkatolvanen.fi\\\/wp-content\\\/uploads\\\/2017\\\/06\\\/16.3.16-rautatiesilta-radalta-225x300.jpg\",\"datePublished\":\"2015-07-17T13:01:38+00:00\",\"dateModified\":\"2025-05-16T08:43:31+00:00\",\"breadcrumb\":{\"@id\":\"https:\\\/\\\/www.pekkatolvanen.fi\\\/palvelut\\\/ratakunnossapito\\\/#breadcrumb\"},\"inLanguage\":\"en-GB\",\"potentialAction\":[{\"@type\":\"ReadAction\",\"target\":[\"https:\\\/\\\/www.pekkatolvanen.fi\\\/palvelut\\\/ratakunnossapito\\\/\"]}]},{\"@type\":\"ImageObject\",\"inLanguage\":\"en-GB\",\"@id\":\"https:\\\/\\\/www.pekkatolvanen.fi\\\/palvelut\\\/ratakunnossapito\\\/#primaryimage\",\"url\":\"https:\\\/\\\/www.pekkatolvanen.fi\\\/wp-content\\\/uploads\\\/2017\\\/06\\\/16.3.16-rautatiesilta-radalta-225x300.jpg\",\"contentUrl\":\"https:\\\/\\\/www.pekkatolvanen.fi\\\/wp-content\\\/uploads\\\/2017\\\/06\\\/16.3.16-rautatiesilta-radalta-225x300.jpg\"},{\"@type\":\"BreadcrumbList\",\"@id\":\"https:\\\/\\\/www.pekkatolvanen.fi\\\/palvelut\\\/ratakunnossapito\\\/#breadcrumb\",\"itemListElement\":[{\"@type\":\"ListItem\",\"position\":1,\"name\":\"Home\",\"item\":\"https:\\\/\\\/www.pekkatolvanen.fi\\\/\"},{\"@type\":\"ListItem\",\"position\":2,\"name\":\"Palvelut\",\"item\":\"https:\\\/\\\/www.pekkatolvanen.fi\\\/palvelut\\\/\"},{\"@type\":\"ListItem\",\"position\":3,\"name\":\"Ratakunnossapito\"}]},{\"@type\":\"WebSite\",\"@id\":\"https:\\\/\\\/www.pekkatolvanen.fi\\\/#website\",\"url\":\"https:\\\/\\\/www.pekkatolvanen.fi\\\/\",\"name\":\"Pekka Tolvanen Oy\",\"description\":\"Maansiirto- ja ratakunnossapitoty&ouml;t\",\"potentialAction\":[{\"@type\":\"SearchAction\",\"target\":{\"@type\":\"EntryPoint\",\"urlTemplate\":\"https:\\\/\\\/www.pekkatolvanen.fi\\\/?s={search_term_string}\"},\"query-input\":{\"@type\":\"PropertyValueSpecification\",\"valueRequired\":true,\"valueName\":\"search_term_string\"}}],\"inLanguage\":\"en-GB\"}]}<\/script>\n<!-- \/ Yoast SEO plugin. -->","yoast_head_json":{"title":"Ratakunnossapito - Pekka Tolvanen Oy","robots":{"index":"index","follow":"follow","max-snippet":"max-snippet:-1","max-image-preview":"max-image-preview:large","max-video-preview":"max-video-preview:-1"},"canonical":"https:\/\/www.pekkatolvanen.fi\/en\/palvelut\/ratakunnossapito\/","og_locale":"en_GB","og_type":"article","og_title":"Ratakunnossapito - Pekka Tolvanen Oy","og_description":"Toteutamme rataverkon rakennus- ja kunnossapitot\u00f6it\u00e4. Teht\u00e4viimme kuuluvat talvikunnossapitoa, radan eri osien korjaustoimenpiteit\u00e4 p\u00e4\u00e4llys- ja alusrakenteille. Ratakunnossapidon palveluihimme kuuluvat muun muassa: tukikerroksen rakentaminen, sepel\u00f6inti, harjaukset ja muotoilu ratap\u00f6lkkyjen kiskojen vaihtoa ja niihin liittyv\u00e4\u00e4 kunnossapitoa ongelmapuiden poistoa erikoiskalustollamme ratakunnossapitoa p\u00e4\u00e4llysrakenteille, alusrakenteille, tasoristeyksille, silloille ja maa-alueille","og_url":"https:\/\/www.pekkatolvanen.fi\/en\/palvelut\/ratakunnossapito\/","og_site_name":"Pekka Tolvanen Oy","article_modified_time":"2025-05-16T08:43:31+00:00","og_image":[{"width":1200,"height":1600,"url":"https:\/\/www.pekkatolvanen.fi\/wp-content\/uploads\/2017\/06\/16.3.16-rautatiesilta-radalta.jpg","type":"image\/jpeg"}],"twitter_card":"summary_large_image","twitter_misc":{"Estimated reading time":"1 minute"},"schema":{"@context":"https:\/\/schema.org","@graph":[{"@type":"WebPage","@id":"https:\/\/www.pekkatolvanen.fi\/palvelut\/ratakunnossapito\/","url":"https:\/\/www.pekkatolvanen.fi\/palvelut\/ratakunnossapito\/","name":"Ratakunnossapito - Pekka Tolvanen Oy","isPartOf":{"@id":"https:\/\/www.pekkatolvanen.fi\/#website"},"primaryImageOfPage":{"@id":"https:\/\/www.pekkatolvanen.fi\/palvelut\/ratakunnossapito\/#primaryimage"},"image":{"@id":"https:\/\/www.pekkatolvanen.fi\/palvelut\/ratakunnossapito\/#primaryimage"},"thumbnailUrl":"https:\/\/www.pekkatolvanen.fi\/wp-content\/uploads\/2017\/06\/16.3.16-rautatiesilta-radalta-225x300.jpg","datePublished":"2015-07-17T13:01:38+00:00","dateModified":"2025-05-16T08:43:31+00:00","breadcrumb":{"@id":"https:\/\/www.pekkatolvanen.fi\/palvelut\/ratakunnossapito\/#breadcrumb"},"inLanguage":"en-GB","potentialAction":[{"@type":"ReadAction","target":["https:\/\/www.pekkatolvanen.fi\/palvelut\/ratakunnossapito\/"]}]},{"@type":"ImageObject","inLanguage":"en-GB","@id":"https:\/\/www.pekkatolvanen.fi\/palvelut\/ratakunnossapito\/#primaryimage","url":"https:\/\/www.pekkatolvanen.fi\/wp-content\/uploads\/2017\/06\/16.3.16-rautatiesilta-radalta-225x300.jpg","contentUrl":"https:\/\/www.pekkatolvanen.fi\/wp-content\/uploads\/2017\/06\/16.3.16-rautatiesilta-radalta-225x300.jpg"},{"@type":"BreadcrumbList","@id":"https:\/\/www.pekkatolvanen.fi\/palvelut\/ratakunnossapito\/#breadcrumb","itemListElement":[{"@type":"ListItem","position":1,"name":"Home","item":"https:\/\/www.pekkatolvanen.fi\/"},{"@type":"ListItem","position":2,"name":"Palvelut","item":"https:\/\/www.pekkatolvanen.fi\/palvelut\/"},{"@type":"ListItem","position":3,"name":"Ratakunnossapito"}]},{"@type":"WebSite","@id":"https:\/\/www.pekkatolvanen.fi\/#website","url":"https:\/\/www.pekkatolvanen.fi\/","name":"Pekka Tolvanen Oy","description":"Earthmoving and track maintenance work","potentialAction":[{"@type":"SearchAction","target":{"@type":"EntryPoint","urlTemplate":"https:\/\/www.pekkatolvanen.fi\/?s={search_term_string}"},"query-input":{"@type":"PropertyValueSpecification","valueRequired":true,"valueName":"search_term_string"}}],"inLanguage":"en-GB"}]}},"_links":{"self":[{"href":"https:\/\/www.pekkatolvanen.fi\/en\/wp-json\/wp\/v2\/pages\/537","targetHints":{"allow":["GET"]}}],"collection":[{"href":"https:\/\/www.pekkatolvanen.fi\/en\/wp-json\/wp\/v2\/pages"}],"about":[{"href":"https:\/\/www.pekkatolvanen.fi\/en\/wp-json\/wp\/v2\/types\/page"}],"author":[{"embeddable":true,"href":"https:\/\/www.pekkatolvanen.fi\/en\/wp-json\/wp\/v2\/users\/1"}],"replies":[{"embeddable":true,"href":"https:\/\/www.pekkatolvanen.fi\/en\/wp-json\/wp\/v2\/comments?post=537"}],"version-history":[{"count":11,"href":"https:\/\/www.pekkatolvanen.fi\/en\/wp-json\/wp\/v2\/pages\/537\/revisions"}],"predecessor-version":[{"id":1368,"href":"https:\/\/www.pekkatolvanen.fi\/en\/wp-json\/wp\/v2\/pages\/537\/revisions\/1368"}],"up":[{"embeddable":true,"href":"https:\/\/www.pekkatolvanen.fi\/en\/wp-json\/wp\/v2\/pages\/914"}],"wp:attachment":[{"href":"https:\/\/www.pekkatolvanen.fi\/en\/wp-json\/wp\/v2\/media?parent=537"}],"curies":[{"name":"wp","href":"https:\/\/api.w.org\/{rel}","templated":true}]}}